{"id":114,"date":"2026-02-13T12:09:21","date_gmt":"2026-02-13T12:09:21","guid":{"rendered":"https:\/\/eins.sieben4zehn5.de\/?page_id=114"},"modified":"2026-02-13T12:40:03","modified_gmt":"2026-02-13T12:40:03","slug":"114-2","status":"publish","type":"page","link":"https:\/\/scggev.de\/index.php\/114-2\/","title":{"rendered":"Anfahrt"},"content":{"rendered":"<div class=\"et_pb_section_0 et_pb_section et_section_regular et_flex_section\">\n<div class=\"et_pb_row_0 et_pb_row et_flex_row\">\n<div class=\"et_pb_column_0 et_pb_column et-last-child et_flex_column et_pb_css_mix_blend_mode_passthrough et_flex_column_24_24 et_flex_column_24_24_tablet et_flex_column_24_24_phone\">\n<div class=\"et_pb_text_0 et_pb_text et_pb_bg_layout_light et_pb_module et_flex_module\"><div class=\"et_pb_text_inner\"><p><span style=\"font-family: Arial, Helvetica, sans-serif; font-size: medium;\"><b>Die Anfahrt <\/b><\/span><\/p>\n<p><span style=\"font-family: Arial, Helvetica, sans-serif; font-size: medium;\"><b>A 67 von Norden:<\/b> Abfahrt Gro\u00df-Gerau, dann jeweils dreimal in die n\u00e4chstm\u00f6gliche Stra\u00dfe rechts einbiegen und ab durch den Wald<\/span><\/p>\n<p><span style=\"font-family: Arial, Helvetica, sans-serif; font-size: medium;\"><b>A 67 von S\u00fcden:<\/b> Abfahrt Gro\u00df-Gerau, dann nach rechts, die n\u00e4chste links und nochmals nach rechts und dann auch hier unbeirrt durch den Wald<\/span><\/p>\n<p><span style=\"font-family: Arial, Helvetica, sans-serif; font-size: medium;\">Oder nutzt <a href=\"http:\/\/maps.google.de\/maps?gbv=2&amp;hl=de&amp;q=&amp;ie=UTF8&amp;cd=1&amp;split=0&amp;vps=1&amp;jsv=154c&amp;sll=51.151786,10.415039&amp;sspn=7.307413,14.941406&amp;geocode=FVAo-gId4k2BAA\" target=\"_blank\" rel=\"noopener\">Google\/maps<\/a>. Einfach Gro\u00df-Gerau und Hegbachsee eingeben. Der Rest erledigt Google!<\/span><\/p>\n<\/div><\/div>\n<\/div>\n<\/div>\n<\/div>\n\n<div class=\"et_pb_section_1 et_pb_section et_section_regular et_flex_section\">\n<div class=\"et_pb_row_1 et_pb_row et_flex_row\">\n<div class=\"et_pb_column_1 et_pb_column et-last-child et_flex_column et_pb_css_mix_blend_mode_passthrough et_flex_column_24_24 et_flex_column_24_24_tablet et_flex_column_24_24_phone\">\n<div class=\"et_pb_code_0 et_pb_code et_pb_module\"><div class=\"et_pb_code_inner\"><iframe style=\"width: 100%; height: 800px; border: 0;\" allowfullscreen allow=\"geolocation\" src=\"\/\/umap.openstreetmap.de\/de\/map\/segelclub-gro-gerau-ev_124781?scaleControl=false&miniMap=false&scrollWheelZoom=false&zoomControl=true&editMode=disabled&moreControl=true&searchControl=null&tilelayersControl=null&embedControl=null&datalayersControl=true&onLoadPanel=none&captionBar=false&captionMenus=true\"><\/iframe><p><a href=\"\/\/umap.openstreetmap.de\/de\/map\/segelclub-gro-gerau-ev_124781?scaleControl=false&miniMap=false&scrollWheelZoom=true&zoomControl=true&editMode=disabled&moreControl=true&searchControl=null&tilelayersControl=null&embedControl=null&datalayersControl=true&onLoadPanel=none&captionBar=false&captionMenus=true\">Vollbildanzeige<\/a><\/p><\/div><\/div>\n<\/div>\n<\/div>\n<\/div>","protected":false},"excerpt":{"rendered":"","protected":false},"author":1,"featured_media":0,"parent":0,"menu_order":0,"comment_status":"closed","ping_status":"closed","template":"","meta":{"footnotes":""},"class_list":["post-114","page","type-page","status-publish","hentry"],"_links":{"self":[{"href":"https:\/\/scggev.de\/index.php\/wp-json\/wp\/v2\/pages\/114","targetHints":{"allow":["GET"]}}],"collection":[{"href":"https:\/\/scggev.de\/index.php\/wp-json\/wp\/v2\/pages"}],"about":[{"href":"https:\/\/scggev.de\/index.php\/wp-json\/wp\/v2\/types\/page"}],"author":[{"embeddable":true,"href":"https:\/\/scggev.de\/index.php\/wp-json\/wp\/v2\/users\/1"}],"replies":[{"embeddable":true,"href":"https:\/\/scggev.de\/index.php\/wp-json\/wp\/v2\/comments?post=114"}],"version-history":[{"count":5,"href":"https:\/\/scggev.de\/index.php\/wp-json\/wp\/v2\/pages\/114\/revisions"}],"predecessor-version":[{"id":124,"href":"https:\/\/scggev.de\/index.php\/wp-json\/wp\/v2\/pages\/114\/revisions\/124"}],"wp:attachment":[{"href":"https:\/\/scggev.de\/index.php\/wp-json\/wp\/v2\/media?parent=114"}],"curies":[{"name":"wp","href":"https:\/\/api.w.org\/{rel}","templated":true}]}}